{"id":191,"date":"2025-02-20T07:11:00","date_gmt":"2025-02-20T07:11:00","guid":{"rendered":"https:\/\/test.wp10.ulm.schule\/?page_id=191"},"modified":"2025-06-03T13:43:11","modified_gmt":"2025-06-03T13:43:11","slug":"impressum","status":"publish","type":"page","link":"https:\/\/gustav-werner-schulkindergarten.de\/index.php\/impressum\/","title":{"rendered":"Impressum"},"content":{"rendered":"\n<h2 class=\"wp-block-heading\">Impressum<\/h2>\n\n\n\n<hr class=\"wp-block-separator has-text-color has-theme-palette-9-color has-alpha-channel-opacity has-theme-palette-9-background-color has-background is-style-wide\"\/>\n\n\n\n<p><\/p>\n\n\n\n<p class=\"has-theme-palette-9-background-color has-background\"><strong>Herausgeber:<\/strong><br><br>Land Baden-W\u00fcrttemberg<br>Gustav-Werner-Schulkindergarten Ulm<br>B\u00f6finger Weg 28<br>89075 Ulm<br><br><strong>Vertreten durch:<\/strong><br>Leitung: Jan Borcherding<br><br><strong>Kontakt:<\/strong><br>Telefon: +49 731 161 3929<br>E-Mail: info@gustav-werner-schulkindergarten.de<br><br><strong>Schultr\u00e4ger:<\/strong><br>Stadt Ulm<br>Amt f\u00fcr Bildung und Sport<br>Zeitblomstra\u00dfe 7, 89073 Ulm<br><br><strong>Verantwortlich im Sinne von \u00a7 18 MStV:<\/strong><br>Gustav-Werner-Schulkindergarten<br>B\u00f6finger Weg 28<br>89075 Ulm<br>verantwortliche Person: Jan Borcherding<br>Tel.: 0731 &#8211; 161 3929<br>E-Mail: info@gustav-werner-schulkindergarten.de<br><br><strong>Verbraucher\u00adstreit\u00adbeilegung\/\u00adUniversal\u00adschlichtungs\u00adstelle<\/strong><br>Wir sind nicht bereit oder verpflichtet, an Streitbeilegungs\u00adverfahren vor einer Verbraucher\u00adschlichtungs\u00adstelle teilzunehmen.<br><br><strong>Bildnachweis<\/strong><br>Bildarchiv Gustav-Werner-Schulkindergarten Ulm,<br>METACOM Symbole \u00a9 Annette Kitzinger<\/p>\n","protected":false},"excerpt":{"rendered":"<p>Impressum Herausgeber: Land Baden-W\u00fcrttembergGustav-Werner-Schulkindergarten UlmB\u00f6finger Weg 2889075 Ulm Vertreten durch:Leitung: Jan Borcherding Kontakt:Telefon: +49 731 161 3929E-Mail: info@gustav-werner-schulkindergarten.de Schultr\u00e4ger:Stadt UlmAmt f\u00fcr Bildung und SportZeitblomstra\u00dfe 7, 89073 Ulm Verantwortlich im Sinne von \u00a7 18 MStV:Gustav-Werner-SchulkindergartenB\u00f6finger Weg 2889075 Ulmverantwortliche Person: Jan BorcherdingTel.: 0731 &#8211; 161 3929E-Mail: info@gustav-werner-schulkindergarten.de Verbraucher\u00adstreit\u00adbeilegung\/\u00adUniversal\u00adschlichtungs\u00adstelleWir sind nicht bereit oder verpflichtet, an Streitbeilegungs\u00adverfahren vor einer&#8230;<\/p>\n","protected":false},"author":2,"featured_media":0,"parent":0,"menu_order":0,"comment_status":"closed","ping_status":"closed","template":"","meta":{"_kadence_starter_templates_imported_post":false,"_kad_post_transparent":"","_kad_post_title":"","_kad_post_layout":"","_kad_post_sidebar_id":"","_kad_post_content_style":"","_kad_post_vertical_padding":"","_kad_post_feature":"","_kad_post_feature_position":"","_kad_post_header":false,"_kad_post_footer":false,"_kad_post_classname":"","_mc_calendar":[],"footnotes":""},"class_list":["post-191","page","type-page","status-publish","hentry"],"_links":{"self":[{"href":"https:\/\/gustav-werner-schulkindergarten.de\/index.php\/wp-json\/wp\/v2\/pages\/191","targetHints":{"allow":["GET"]}}],"collection":[{"href":"https:\/\/gustav-werner-schulkindergarten.de\/index.php\/wp-json\/wp\/v2\/pages"}],"about":[{"href":"https:\/\/gustav-werner-schulkindergarten.de\/index.php\/wp-json\/wp\/v2\/types\/page"}],"author":[{"embeddable":true,"href":"https:\/\/gustav-werner-schulkindergarten.de\/index.php\/wp-json\/wp\/v2\/users\/2"}],"replies":[{"embeddable":true,"href":"https:\/\/gustav-werner-schulkindergarten.de\/index.php\/wp-json\/wp\/v2\/comments?post=191"}],"version-history":[{"count":7,"href":"https:\/\/gustav-werner-schulkindergarten.de\/index.php\/wp-json\/wp\/v2\/pages\/191\/revisions"}],"predecessor-version":[{"id":1040,"href":"https:\/\/gustav-werner-schulkindergarten.de\/index.php\/wp-json\/wp\/v2\/pages\/191\/revisions\/1040"}],"wp:attachment":[{"href":"https:\/\/gustav-werner-schulkindergarten.de\/index.php\/wp-json\/wp\/v2\/media?parent=191"}],"curies":[{"name":"wp","href":"https:\/\/api.w.org\/{rel}","templated":true}]}}