{"id":197,"date":"2025-02-20T07:25:51","date_gmt":"2025-02-20T07:25:51","guid":{"rendered":"https:\/\/test.wp10.ulm.schule\/?page_id=197"},"modified":"2025-06-03T13:51:19","modified_gmt":"2025-06-03T13:51:19","slug":"datenschutzerklaerung","status":"publish","type":"page","link":"https:\/\/gustav-werner-schulkindergarten.de\/index.php\/datenschutzerklaerung\/","title":{"rendered":"Datenschutzerkl\u00e4rung"},"content":{"rendered":"\n<h2 class=\"wp-block-heading\">Datenschutzerkl\u00e4rung<\/h2>\n\n\n\n<hr class=\"wp-block-separator has-text-color has-theme-palette-9-color has-alpha-channel-opacity has-theme-palette-9-background-color has-background is-style-wide\"\/>\n\n\n\n<p><\/p>\n\n\n\n<ol class=\"wp-block-list has-theme-palette-9-background-color has-background\">\n<li><strong>Verantwortlicher und Datenschutzbeauftragter<\/strong><br><br><a href=\"mailto:datenschutz@ssa-bc.kv.bwl.de\">datenschutz@ssa-bc.kv.bwl.de<\/a><br>Postadresse:<br>Staatliches Schulamt Biberach, Rollinstr. 9, 88400 Biberach, \u201eDer Datenschutzbeauftragte\u201c<br><br><\/li>\n\n\n\n<li><strong>Ihre Rechte<\/strong><br><br>Sie haben gegen\u00fcber uns folgende Rechte hinsichtlich der Sie betreffenden personenbezogenen Daten:<br>\u2013 Recht auf Auskunft,<br>\u2013 Recht auf Berichtigung oder L\u00f6schung,<br>\u2013 Recht auf Einschr\u00e4nkung der Verarbeitung,<br>\u2013 Recht auf Widerspruch gegen die Verarbeitung,<br>\u2013 Recht auf Daten\u00fcbertragbarkeit.<br><br>Sie haben zudem das Recht, sich bei einer Datenschutz-Aufsichtsbeh\u00f6rde \u00fcber die Verarbeitung Ihrer personenbezogenen Daten durch uns zu beschweren. Die Datenschutzaufsichtsbeh\u00f6rde ist der Landesbeauftragte f\u00fcr den Datenschutz und die Informationsfreiheit (LfDI), K\u00f6nigstrasse 10a, 70173 Stuttgart.<br><\/li>\n\n\n\n<li><strong>Links auf andere Webseiten<\/strong><br>Wenn wir Links zu Webseiten anderer Organisationen bereitstellen, gilt diese Datenschutzerkl\u00e4rung nicht f\u00fcr die Verarbeitung personenbezogener Daten durch diese Organisation. Wir empfehlen Ihnen daher, die Datenschutzhinweise auf den anderen von Ihnen besuchten Webseiten zu lesen.<br><\/li>\n\n\n\n<li><strong>Interaktive Karte<\/strong><br>Diese Webseite verwendet eine interaktive Karte von&nbsp;<a href=\"https:\/\/dr-dsgvo.de\" data-type=\"link\" data-id=\"https:\/\/dr-dsgvo.de\" target=\"_blank\" rel=\"noreferrer noopener\">Dr. DSGVO <\/a>. Die Karte wird lokal betrieben. Diese L\u00f6sung ist datenschutzfreundlich. Beim Abruf und Betrieb der Karte werden keine personenbezogenen Daten an Dritte weitergegeben. Weiterhin werden von uns f\u00fcr den Abruf und Betrieb der Karte keine personenbezogenen Daten au\u00dfer den technisch notwendigen erhoben. Die Karte verwendet keine Cookies.<\/li>\n<\/ol>\n\n\n\n<p><\/p>\n\n\n\n<p class=\"has-theme-palette-9-color has-text-color has-link-color wp-elements-50aa6ea06e0bfb9584b33bc9dd7ba70c\"><\/p>\n","protected":false},"excerpt":{"rendered":"<p>Datenschutzerkl\u00e4rung<\/p>\n","protected":false},"author":2,"featured_media":0,"parent":0,"menu_order":0,"comment_status":"closed","ping_status":"closed","template":"","meta":{"_kadence_starter_templates_imported_post":false,"_kad_post_transparent":"","_kad_post_title":"","_kad_post_layout":"","_kad_post_sidebar_id":"","_kad_post_content_style":"","_kad_post_vertical_padding":"","_kad_post_feature":"","_kad_post_feature_position":"","_kad_post_header":false,"_kad_post_footer":false,"_kad_post_classname":"","_mc_calendar":[],"footnotes":""},"class_list":["post-197","page","type-page","status-publish","hentry"],"_links":{"self":[{"href":"https:\/\/gustav-werner-schulkindergarten.de\/index.php\/wp-json\/wp\/v2\/pages\/197","targetHints":{"allow":["GET"]}}],"collection":[{"href":"https:\/\/gustav-werner-schulkindergarten.de\/index.php\/wp-json\/wp\/v2\/pages"}],"about":[{"href":"https:\/\/gustav-werner-schulkindergarten.de\/index.php\/wp-json\/wp\/v2\/types\/page"}],"author":[{"embeddable":true,"href":"https:\/\/gustav-werner-schulkindergarten.de\/index.php\/wp-json\/wp\/v2\/users\/2"}],"replies":[{"embeddable":true,"href":"https:\/\/gustav-werner-schulkindergarten.de\/index.php\/wp-json\/wp\/v2\/comments?post=197"}],"version-history":[{"count":10,"href":"https:\/\/gustav-werner-schulkindergarten.de\/index.php\/wp-json\/wp\/v2\/pages\/197\/revisions"}],"predecessor-version":[{"id":1042,"href":"https:\/\/gustav-werner-schulkindergarten.de\/index.php\/wp-json\/wp\/v2\/pages\/197\/revisions\/1042"}],"wp:attachment":[{"href":"https:\/\/gustav-werner-schulkindergarten.de\/index.php\/wp-json\/wp\/v2\/media?parent=197"}],"curies":[{"name":"wp","href":"https:\/\/api.w.org\/{rel}","templated":true}]}}