{"id":643,"date":"2025-05-12T08:50:34","date_gmt":"2025-05-12T08:50:34","guid":{"rendered":"https:\/\/test.wp10.ulm.schule\/?page_id=643"},"modified":"2025-05-30T06:20:02","modified_gmt":"2025-05-30T06:20:02","slug":"lebenspraktische-angebote","status":"publish","type":"page","link":"https:\/\/gustav-werner-schulkindergarten.de\/index.php\/lebenspraktische-angebote\/","title":{"rendered":"Lebenspraktische Angebote"},"content":{"rendered":"\n<h1 class=\"wp-block-heading\">Lebenspraktische Angebote <\/h1>\n\n\n\n<hr class=\"wp-block-separator has-text-color has-theme-palette-9-color has-alpha-channel-opacity has-theme-palette-9-background-color has-background is-style-wide\"\/>\n\n\n\n<p><\/p>\n\n\n\n<div class=\"wp-block-columns alignwide is-layout-flex wp-container-core-columns-is-layout-829b1d53 wp-block-columns-is-layout-flex\" style=\"margin-bottom:0\">\n<div class=\"wp-block-column has-text-color has-background has-link-color wp-elements-ceeb77e1e85594d3f4a7596e586374cd is-layout-flow wp-block-column-is-layout-flow\" style=\"color:#000000;background-color:#d1d1e1;padding-top:2em;padding-right:2em;padding-bottom:2em;padding-left:2em\"><div id=\"metaslider-id-932\" style=\"width: 100%;\" class=\"ml-slider-3-108-0 metaslider metaslider-flex metaslider-932 ml-slider has-dots-nav ms-theme-bitono\" role=\"region\" aria-label=\"New Slideshow\" data-height=\"800\" data-width=\"1800\">\n    <div id=\"metaslider_container_932\">\n        <div id=\"metaslider_932\">\n            <ul class='slides'>\n                <li style=\"display: block; width: 100%;\" class=\"slide-938 ms-image \" aria-roledescription=\"slide\" data-date=\"2025-05-30 06:18:40\" data-filename=\"Lebenspraktische-AngeboteTitel-1-scaled-1800x800.jpg\" data-slide-type=\"image\"><img loading=\"lazy\" decoding=\"async\" src=\"https:\/\/gustav-werner-schulkindergarten.de\/wp-content\/uploads\/2025\/05\/Lebenspraktische-AngeboteTitel-1-scaled-1800x800.jpg\" height=\"800\" width=\"1800\" alt=\"\" class=\"slider-932 slide-938 msDefaultImage\" title=\"Lebenspraktische AngeboteTitel\" \/><\/li>\n                <li style=\"display: none; width: 100%;\" class=\"slide-936 ms-image \" aria-roledescription=\"slide\" data-date=\"2025-05-30 06:18:40\" data-filename=\"Lebenspraktische-Angebote1-scaled-1800x800.jpg\" data-slide-type=\"image\"><img loading=\"lazy\" decoding=\"async\" src=\"https:\/\/gustav-werner-schulkindergarten.de\/wp-content\/uploads\/2025\/05\/Lebenspraktische-Angebote1-scaled-1800x800.jpg\" height=\"800\" width=\"1800\" alt=\"\" class=\"slider-932 slide-936 msDefaultImage\" title=\"Lebenspraktische Angebote1\" \/><\/li>\n                <li style=\"display: none; width: 100%;\" class=\"slide-937 ms-image \" aria-roledescription=\"slide\" data-date=\"2025-05-30 06:18:40\" data-filename=\"Lebenspraktische-Angebote2-scaled-1800x800.jpg\" data-slide-type=\"image\"><img loading=\"lazy\" decoding=\"async\" src=\"https:\/\/gustav-werner-schulkindergarten.de\/wp-content\/uploads\/2025\/05\/Lebenspraktische-Angebote2-scaled-1800x800.jpg\" height=\"800\" width=\"1800\" alt=\"\" class=\"slider-932 slide-937 msDefaultImage\" title=\"Lebenspraktische Angebote2\" \/><\/li>\n            <\/ul>\n        <\/div>\n        \n    <\/div>\n<\/div>\n\n\n\n<p>Lebenspraktische Angebote helfen den Kindern, allt\u00e4gliche F\u00e4higkeiten wie anziehen, essen, Hygiene und Umgang mit Dingen des t\u00e4glichen Lebens, zu erlernen. Diese F\u00e4higkeiten sind entscheidend f\u00fcr ihre Selbstst\u00e4ndigkeit und ihr Selbstvertrauen. Durch gezielte Unterst\u00fctzung f\u00f6rdern wir die Unabh\u00e4ngigkeit und bereiten sie auf ein m\u00f6glichst selbstbestimmtes Leben vor.<\/p>\n<\/div>\n<\/div>\n\n\n\n<p><\/p>\n","protected":false},"excerpt":{"rendered":"<p>Lebenspraktische Angebote Lebenspraktische Angebote helfen den Kindern, allt\u00e4gliche F\u00e4higkeiten wie anziehen, essen, Hygiene und Umgang mit Dingen des t\u00e4glichen Lebens, zu erlernen. Diese F\u00e4higkeiten sind entscheidend f\u00fcr ihre Selbstst\u00e4ndigkeit und ihr Selbstvertrauen. Durch gezielte Unterst\u00fctzung f\u00f6rdern wir die Unabh\u00e4ngigkeit und bereiten sie auf ein m\u00f6glichst selbstbestimmtes Leben vor.<\/p>\n","protected":false},"author":2,"featured_media":0,"parent":0,"menu_order":0,"comment_status":"closed","ping_status":"closed","template":"","meta":{"_kadence_starter_templates_imported_post":false,"_kad_post_transparent":"","_kad_post_title":"","_kad_post_layout":"","_kad_post_sidebar_id":"","_kad_post_content_style":"","_kad_post_vertical_padding":"","_kad_post_feature":"","_kad_post_feature_position":"","_kad_post_header":false,"_kad_post_footer":false,"_kad_post_classname":"","_mc_calendar":[],"footnotes":""},"class_list":["post-643","page","type-page","status-publish","hentry"],"_links":{"self":[{"href":"https:\/\/gustav-werner-schulkindergarten.de\/index.php\/wp-json\/wp\/v2\/pages\/643","targetHints":{"allow":["GET"]}}],"collection":[{"href":"https:\/\/gustav-werner-schulkindergarten.de\/index.php\/wp-json\/wp\/v2\/pages"}],"about":[{"href":"https:\/\/gustav-werner-schulkindergarten.de\/index.php\/wp-json\/wp\/v2\/types\/page"}],"author":[{"embeddable":true,"href":"https:\/\/gustav-werner-schulkindergarten.de\/index.php\/wp-json\/wp\/v2\/users\/2"}],"replies":[{"embeddable":true,"href":"https:\/\/gustav-werner-schulkindergarten.de\/index.php\/wp-json\/wp\/v2\/comments?post=643"}],"version-history":[{"count":4,"href":"https:\/\/gustav-werner-schulkindergarten.de\/index.php\/wp-json\/wp\/v2\/pages\/643\/revisions"}],"predecessor-version":[{"id":940,"href":"https:\/\/gustav-werner-schulkindergarten.de\/index.php\/wp-json\/wp\/v2\/pages\/643\/revisions\/940"}],"wp:attachment":[{"href":"https:\/\/gustav-werner-schulkindergarten.de\/index.php\/wp-json\/wp\/v2\/media?parent=643"}],"curies":[{"name":"wp","href":"https:\/\/api.w.org\/{rel}","templated":true}]}}