{"id":647,"date":"2025-05-12T08:51:33","date_gmt":"2025-05-12T08:51:33","guid":{"rendered":"https:\/\/test.wp10.ulm.schule\/?page_id=647"},"modified":"2025-05-30T06:31:20","modified_gmt":"2025-05-30T06:31:20","slug":"motorische-angebote","status":"publish","type":"page","link":"https:\/\/gustav-werner-schulkindergarten.de\/index.php\/motorische-angebote\/","title":{"rendered":"Motorische Angebote"},"content":{"rendered":"\n<h1 class=\"wp-block-heading\">Motorische Angebote<\/h1>\n\n\n\n<hr class=\"wp-block-separator has-text-color has-theme-palette-9-color has-alpha-channel-opacity has-theme-palette-9-background-color has-background is-style-wide\"\/>\n\n\n\n<p><\/p>\n\n\n\n<div class=\"wp-block-columns alignwide is-layout-flex wp-container-core-columns-is-layout-829b1d53 wp-block-columns-is-layout-flex\" style=\"margin-bottom:0\">\n<div class=\"wp-block-column has-text-color has-background has-link-color wp-elements-5cb51c5f1c7db283b09f503867618d5b is-layout-flow wp-block-column-is-layout-flow\" style=\"color:#000000;background-color:#d1d1e1;padding-top:2em;padding-right:2em;padding-bottom:2em;padding-left:2em\"><div id=\"metaslider-id-955\" style=\"width: 100%;\" class=\"ml-slider-3-108-0 metaslider metaslider-flex metaslider-955 ml-slider has-dots-nav ms-theme-bitono\" role=\"region\" aria-label=\"New Slideshow\" data-height=\"800\" data-width=\"1800\">\n    <div id=\"metaslider_container_955\">\n        <div id=\"metaslider_955\">\n            <ul class='slides'>\n                <li style=\"display: block; width: 100%;\" class=\"slide-961 ms-image \" aria-roledescription=\"slide\" data-date=\"2025-05-30 06:30:30\" data-filename=\"Motorische-Angebote1-scaled-1800x800.jpg\" data-slide-type=\"image\"><img loading=\"lazy\" decoding=\"async\" src=\"https:\/\/gustav-werner-schulkindergarten.de\/wp-content\/uploads\/2025\/05\/Motorische-Angebote1-scaled-1800x800.jpg\" height=\"800\" width=\"1800\" alt=\"\" class=\"slider-955 slide-961 msDefaultImage\" title=\"Motorische Angebote1\" \/><\/li>\n                <li style=\"display: none; width: 100%;\" class=\"slide-962 ms-image \" aria-roledescription=\"slide\" data-date=\"2025-05-30 06:30:30\" data-filename=\"Motorische-Angebote2-scaled-1800x800.jpg\" data-slide-type=\"image\"><img loading=\"lazy\" decoding=\"async\" src=\"https:\/\/gustav-werner-schulkindergarten.de\/wp-content\/uploads\/2025\/05\/Motorische-Angebote2-scaled-1800x800.jpg\" height=\"800\" width=\"1800\" alt=\"\" class=\"slider-955 slide-962 msDefaultImage\" title=\"Motorische Angebote2\" \/><\/li>\n                <li style=\"display: none; width: 100%;\" class=\"slide-963 ms-image \" aria-roledescription=\"slide\" data-date=\"2025-05-30 06:30:30\" data-filename=\"Motorische-Angebote3-scaled-1800x800.jpg\" data-slide-type=\"image\"><img loading=\"lazy\" decoding=\"async\" src=\"https:\/\/gustav-werner-schulkindergarten.de\/wp-content\/uploads\/2025\/05\/Motorische-Angebote3-scaled-1800x800.jpg\" height=\"800\" width=\"1800\" alt=\"\" class=\"slider-955 slide-963 msDefaultImage\" title=\"Motorische Angebote3\" \/><\/li>\n                <li style=\"display: none; width: 100%;\" class=\"slide-964 ms-image \" aria-roledescription=\"slide\" data-date=\"2025-05-30 06:30:30\" data-filename=\"Motorische-Angebote4-scaled-1800x800.jpg\" data-slide-type=\"image\"><img loading=\"lazy\" decoding=\"async\" src=\"https:\/\/gustav-werner-schulkindergarten.de\/wp-content\/uploads\/2025\/05\/Motorische-Angebote4-scaled-1800x800.jpg\" height=\"800\" width=\"1800\" alt=\"\" class=\"slider-955 slide-964 msDefaultImage\" title=\"Motorische Angebote4\" \/><\/li>\n                <li style=\"display: none; width: 100%;\" class=\"slide-965 ms-image \" aria-roledescription=\"slide\" data-date=\"2025-05-30 06:30:30\" data-filename=\"Motorische-Angebote5-scaled-1800x800.jpg\" data-slide-type=\"image\"><img loading=\"lazy\" decoding=\"async\" src=\"https:\/\/gustav-werner-schulkindergarten.de\/wp-content\/uploads\/2025\/05\/Motorische-Angebote5-scaled-1800x800.jpg\" height=\"800\" width=\"1800\" alt=\"\" class=\"slider-955 slide-965 msDefaultImage\" title=\"Motorische Angebote5\" \/><\/li>\n            <\/ul>\n        <\/div>\n        \n    <\/div>\n<\/div>\n\n\n\n<p>Motorische Angebote f\u00f6rdern die Beweglichkeit, Koordination und Kraft der Kinder, was ihre Selbstst\u00e4ndigkeit und ihr Wohlbefinden st\u00e4rkt. Durch gezielte Aktivit\u00e4ten, wie z.B. Bewegung im Wasser, Fahrzeugzeit, Turnen und Erlebnisse im Wald, k\u00f6nnen die Kinder ihre motorischen F\u00e4higkeiten verbessern und Sicherheit gewinnen.<\/p>\n<\/div>\n<\/div>\n\n\n\n<p><\/p>\n","protected":false},"excerpt":{"rendered":"<p>Motorische Angebote Motorische Angebote f\u00f6rdern die Beweglichkeit, Koordination und Kraft der Kinder, was ihre Selbstst\u00e4ndigkeit und ihr Wohlbefinden st\u00e4rkt. Durch gezielte Aktivit\u00e4ten, wie z.B. Bewegung im Wasser, Fahrzeugzeit, Turnen und Erlebnisse im Wald, k\u00f6nnen die Kinder ihre motorischen F\u00e4higkeiten verbessern und Sicherheit gewinnen.<\/p>\n","protected":false},"author":2,"featured_media":0,"parent":0,"menu_order":0,"comment_status":"closed","ping_status":"closed","template":"","meta":{"_kadence_starter_templates_imported_post":false,"_kad_post_transparent":"","_kad_post_title":"","_kad_post_layout":"","_kad_post_sidebar_id":"","_kad_post_content_style":"","_kad_post_vertical_padding":"","_kad_post_feature":"","_kad_post_feature_position":"","_kad_post_header":false,"_kad_post_footer":false,"_kad_post_classname":"","_mc_calendar":[],"footnotes":""},"class_list":["post-647","page","type-page","status-publish","hentry"],"_links":{"self":[{"href":"https:\/\/gustav-werner-schulkindergarten.de\/index.php\/wp-json\/wp\/v2\/pages\/647","targetHints":{"allow":["GET"]}}],"collection":[{"href":"https:\/\/gustav-werner-schulkindergarten.de\/index.php\/wp-json\/wp\/v2\/pages"}],"about":[{"href":"https:\/\/gustav-werner-schulkindergarten.de\/index.php\/wp-json\/wp\/v2\/types\/page"}],"author":[{"embeddable":true,"href":"https:\/\/gustav-werner-schulkindergarten.de\/index.php\/wp-json\/wp\/v2\/users\/2"}],"replies":[{"embeddable":true,"href":"https:\/\/gustav-werner-schulkindergarten.de\/index.php\/wp-json\/wp\/v2\/comments?post=647"}],"version-history":[{"count":3,"href":"https:\/\/gustav-werner-schulkindergarten.de\/index.php\/wp-json\/wp\/v2\/pages\/647\/revisions"}],"predecessor-version":[{"id":966,"href":"https:\/\/gustav-werner-schulkindergarten.de\/index.php\/wp-json\/wp\/v2\/pages\/647\/revisions\/966"}],"wp:attachment":[{"href":"https:\/\/gustav-werner-schulkindergarten.de\/index.php\/wp-json\/wp\/v2\/media?parent=647"}],"curies":[{"name":"wp","href":"https:\/\/api.w.org\/{rel}","templated":true}]}}