{"id":649,"date":"2025-05-12T08:52:08","date_gmt":"2025-05-12T08:52:08","guid":{"rendered":"https:\/\/test.wp10.ulm.schule\/?page_id=649"},"modified":"2025-06-03T13:58:21","modified_gmt":"2025-06-03T13:58:21","slug":"musikalische-und-kreative-angebote","status":"publish","type":"page","link":"https:\/\/gustav-werner-schulkindergarten.de\/index.php\/musikalische-und-kreative-angebote\/","title":{"rendered":"Musikalische und Kreative Angebote"},"content":{"rendered":"\n<h1 class=\"wp-block-heading\">Musikalische und Kreative Angebote<\/h1>\n\n\n\n<hr class=\"wp-block-separator has-text-color has-theme-palette-9-color has-alpha-channel-opacity has-theme-palette-9-background-color has-background is-style-wide\"\/>\n\n\n\n<div class=\"wp-block-columns alignwide is-layout-flex wp-container-core-columns-is-layout-829b1d53 wp-block-columns-is-layout-flex\" style=\"margin-bottom:0\">\n<div class=\"wp-block-column has-text-color has-background has-link-color wp-elements-a8cd45bebaaa3e3679dd692b23c14291 is-layout-flow wp-block-column-is-layout-flow\" style=\"color:#000000;background-color:#c0ebf1;padding-top:2em;padding-right:2em;padding-bottom:2em;padding-left:2em\"><div id=\"metaslider-id-967\" style=\"width: 100%;\" class=\"ml-slider-3-108-0 metaslider metaslider-flex metaslider-967 ml-slider has-dots-nav ms-theme-bitono\" role=\"region\" aria-label=\"New Slideshow\" data-height=\"800\" data-width=\"1800\">\n    <div id=\"metaslider_container_967\">\n        <div id=\"metaslider_967\">\n            <ul class='slides'>\n                <li style=\"display: block; width: 100%;\" class=\"slide-976 ms-image \" aria-roledescription=\"slide\" data-date=\"2025-05-30 06:32:59\" data-filename=\"Musikalische-AngeboteTitel-1-scaled-1800x800.jpg\" data-slide-type=\"image\"><img loading=\"lazy\" decoding=\"async\" src=\"https:\/\/gustav-werner-schulkindergarten.de\/wp-content\/uploads\/2025\/05\/Musikalische-AngeboteTitel-1-scaled-1800x800.jpg\" height=\"800\" width=\"1800\" alt=\"\" class=\"slider-967 slide-976 msDefaultImage\" title=\"Musikalische AngeboteTitel\" \/><\/li>\n                <li style=\"display: none; width: 100%;\" class=\"slide-973 ms-image \" aria-roledescription=\"slide\" data-date=\"2025-05-30 06:32:59\" data-filename=\"Musikalische-Angebote1-scaled-1800x800.jpg\" data-slide-type=\"image\"><img loading=\"lazy\" decoding=\"async\" src=\"https:\/\/gustav-werner-schulkindergarten.de\/wp-content\/uploads\/2025\/05\/Musikalische-Angebote1-scaled-1800x800.jpg\" height=\"800\" width=\"1800\" alt=\"\" class=\"slider-967 slide-973 msDefaultImage\" title=\"Musikalische Angebote1\" \/><\/li>\n                <li style=\"display: none; width: 100%;\" class=\"slide-974 ms-image \" aria-roledescription=\"slide\" data-date=\"2025-05-30 06:32:59\" data-filename=\"Musikalische-Angebote2-scaled-1800x800.jpg\" data-slide-type=\"image\"><img loading=\"lazy\" decoding=\"async\" src=\"https:\/\/gustav-werner-schulkindergarten.de\/wp-content\/uploads\/2025\/05\/Musikalische-Angebote2-scaled-1800x800.jpg\" height=\"800\" width=\"1800\" alt=\"\" class=\"slider-967 slide-974 msDefaultImage\" title=\"Musikalische Angebote2\" \/><\/li>\n                <li style=\"display: none; width: 100%;\" class=\"slide-975 ms-image \" aria-roledescription=\"slide\" data-date=\"2025-05-30 06:32:59\" data-filename=\"Musikalische-Angebote3-scaled-1800x800.jpg\" data-slide-type=\"image\"><img loading=\"lazy\" decoding=\"async\" src=\"https:\/\/gustav-werner-schulkindergarten.de\/wp-content\/uploads\/2025\/05\/Musikalische-Angebote3-scaled-1800x800.jpg\" height=\"800\" width=\"1800\" alt=\"\" class=\"slider-967 slide-975 msDefaultImage\" title=\"Musikalische Angebote3\" \/><\/li>\n            <\/ul>\n        <\/div>\n        \n    <\/div>\n<\/div>\n\n\n\n<p>Musikalische und kreative Angebote f\u00f6rdern die Ausdrucksf\u00e4higkeit, die Wahrnehmung und die emotionale Entwicklung. Durch Musik, singen, malen oder basteln k\u00f6nnen die Kinder ihre Gef\u00fchle zeigen und ihre Kreativit\u00e4t entfalten.<\/p>\n<\/div>\n<\/div>\n\n\n\n<p><\/p>\n","protected":false},"excerpt":{"rendered":"<p>Musikalische und Kreative Angebote Musikalische und kreative Angebote f\u00f6rdern die Ausdrucksf\u00e4higkeit, die Wahrnehmung und die emotionale Entwicklung. Durch Musik, singen, malen oder basteln k\u00f6nnen die Kinder ihre Gef\u00fchle zeigen und ihre Kreativit\u00e4t entfalten.<\/p>\n","protected":false},"author":2,"featured_media":0,"parent":0,"menu_order":0,"comment_status":"closed","ping_status":"closed","template":"","meta":{"_kadence_starter_templates_imported_post":false,"_kad_post_transparent":"","_kad_post_title":"","_kad_post_layout":"","_kad_post_sidebar_id":"","_kad_post_content_style":"","_kad_post_vertical_padding":"","_kad_post_feature":"","_kad_post_feature_position":"","_kad_post_header":false,"_kad_post_footer":false,"_kad_post_classname":"","_mc_calendar":[],"footnotes":""},"class_list":["post-649","page","type-page","status-publish","hentry"],"_links":{"self":[{"href":"https:\/\/gustav-werner-schulkindergarten.de\/index.php\/wp-json\/wp\/v2\/pages\/649","targetHints":{"allow":["GET"]}}],"collection":[{"href":"https:\/\/gustav-werner-schulkindergarten.de\/index.php\/wp-json\/wp\/v2\/pages"}],"about":[{"href":"https:\/\/gustav-werner-schulkindergarten.de\/index.php\/wp-json\/wp\/v2\/types\/page"}],"author":[{"embeddable":true,"href":"https:\/\/gustav-werner-schulkindergarten.de\/index.php\/wp-json\/wp\/v2\/users\/2"}],"replies":[{"embeddable":true,"href":"https:\/\/gustav-werner-schulkindergarten.de\/index.php\/wp-json\/wp\/v2\/comments?post=649"}],"version-history":[{"count":3,"href":"https:\/\/gustav-werner-schulkindergarten.de\/index.php\/wp-json\/wp\/v2\/pages\/649\/revisions"}],"predecessor-version":[{"id":1044,"href":"https:\/\/gustav-werner-schulkindergarten.de\/index.php\/wp-json\/wp\/v2\/pages\/649\/revisions\/1044"}],"wp:attachment":[{"href":"https:\/\/gustav-werner-schulkindergarten.de\/index.php\/wp-json\/wp\/v2\/media?parent=649"}],"curies":[{"name":"wp","href":"https:\/\/api.w.org\/{rel}","templated":true}]}}