{"id":651,"date":"2025-05-12T08:54:23","date_gmt":"2025-05-12T08:54:23","guid":{"rendered":"https:\/\/test.wp10.ulm.schule\/?page_id=651"},"modified":"2025-05-30T06:36:41","modified_gmt":"2025-05-30T06:36:41","slug":"spielen","status":"publish","type":"page","link":"https:\/\/gustav-werner-schulkindergarten.de\/index.php\/spielen\/","title":{"rendered":"Spielen"},"content":{"rendered":"\n<h1 class=\"wp-block-heading\">Spielen<\/h1>\n\n\n\n<hr class=\"wp-block-separator has-text-color has-theme-palette-9-color has-alpha-channel-opacity has-theme-palette-9-background-color has-background is-style-wide\"\/>\n\n\n\n<p><\/p>\n\n\n\n<div class=\"wp-block-columns alignwide is-layout-flex wp-container-core-columns-is-layout-829b1d53 wp-block-columns-is-layout-flex\" style=\"margin-bottom:0\">\n<div class=\"wp-block-column has-text-color has-background has-link-color wp-elements-8eeccb48268564f977fadfc84cef73eb is-layout-flow wp-block-column-is-layout-flow\" style=\"color:#000000;background-color:#ffe97d;padding-top:2em;padding-right:2em;padding-bottom:2em;padding-left:2em\"><div id=\"metaslider-id-979\" style=\"width: 100%;\" class=\"ml-slider-3-108-0 metaslider metaslider-flex metaslider-979 ml-slider has-dots-nav ms-theme-bitono\" role=\"region\" aria-label=\"New Slideshow\" data-height=\"800\" data-width=\"1800\">\n    <div id=\"metaslider_container_979\">\n        <div id=\"metaslider_979\">\n            <ul class='slides'>\n                <li style=\"display: block; width: 100%;\" class=\"slide-985 ms-image \" aria-roledescription=\"slide\" data-date=\"2025-05-30 06:36:02\" data-filename=\"Spielen1-scaled-1800x800.jpg\" data-slide-type=\"image\"><img loading=\"lazy\" decoding=\"async\" src=\"https:\/\/gustav-werner-schulkindergarten.de\/wp-content\/uploads\/2025\/05\/Spielen1-scaled-1800x800.jpg\" height=\"800\" width=\"1800\" alt=\"\" class=\"slider-979 slide-985 msDefaultImage\" title=\"Spielen1\" \/><\/li>\n                <li style=\"display: none; width: 100%;\" class=\"slide-986 ms-image \" aria-roledescription=\"slide\" data-date=\"2025-05-30 06:36:02\" data-filename=\"Spielen2-scaled-1800x800.jpg\" data-slide-type=\"image\"><img loading=\"lazy\" decoding=\"async\" src=\"https:\/\/gustav-werner-schulkindergarten.de\/wp-content\/uploads\/2025\/05\/Spielen2-scaled-1800x800.jpg\" height=\"800\" width=\"1800\" alt=\"\" class=\"slider-979 slide-986 msDefaultImage\" title=\"Spielen2\" \/><\/li>\n                <li style=\"display: none; width: 100%;\" class=\"slide-987 ms-image \" aria-roledescription=\"slide\" data-date=\"2025-05-30 06:36:02\" data-filename=\"Spielen3-scaled-1800x800.jpg\" data-slide-type=\"image\"><img loading=\"lazy\" decoding=\"async\" src=\"https:\/\/gustav-werner-schulkindergarten.de\/wp-content\/uploads\/2025\/05\/Spielen3-scaled-1800x800.jpg\" height=\"800\" width=\"1800\" alt=\"\" class=\"slider-979 slide-987 msDefaultImage\" title=\"Spielen3\" \/><\/li>\n                <li style=\"display: none; width: 100%;\" class=\"slide-988 ms-image \" aria-roledescription=\"slide\" data-date=\"2025-05-30 06:36:02\" data-filename=\"Spielen4-scaled-1800x800.jpg\" data-slide-type=\"image\"><img loading=\"lazy\" decoding=\"async\" src=\"https:\/\/gustav-werner-schulkindergarten.de\/wp-content\/uploads\/2025\/05\/Spielen4-scaled-1800x800.jpg\" height=\"800\" width=\"1800\" alt=\"\" class=\"slider-979 slide-988 msDefaultImage\" title=\"Spielen4\" \/><\/li>\n                <li style=\"display: none; width: 100%;\" class=\"slide-989 ms-image \" aria-roledescription=\"slide\" data-date=\"2025-05-30 06:36:02\" data-filename=\"SpielenTitel-1-scaled-1800x800.jpg\" data-slide-type=\"image\"><img loading=\"lazy\" decoding=\"async\" src=\"https:\/\/gustav-werner-schulkindergarten.de\/wp-content\/uploads\/2025\/05\/SpielenTitel-1-scaled-1800x800.jpg\" height=\"800\" width=\"1800\" alt=\"\" class=\"slider-979 slide-989 msDefaultImage\" title=\"SpielenTitel\" \/><\/li>\n            <\/ul>\n        <\/div>\n        \n    <\/div>\n<\/div>\n\n\n\n<p>Gemeinsames Spiel, freies Spiel, Rollenspiel, Regelspiel und Parallelspiel, werden durch ansprechendes und individuelles Spielmaterial erm\u00f6glicht. Dies f\u00f6rdert die sozialen F\u00e4higkeiten, Fantasie und die motorischen F\u00e4higkeiten. Durch gemeinsames Spiel lernen Kinder, sich auszudr\u00fccken, zu kooperieren und Freundschaften zu schlie\u00dfen.<\/p>\n<\/div>\n<\/div>\n\n\n\n<p><\/p>\n","protected":false},"excerpt":{"rendered":"<p>Spielen Gemeinsames Spiel, freies Spiel, Rollenspiel, Regelspiel und Parallelspiel, werden durch ansprechendes und individuelles Spielmaterial erm\u00f6glicht. Dies f\u00f6rdert die sozialen F\u00e4higkeiten, Fantasie und die motorischen F\u00e4higkeiten. Durch gemeinsames Spiel lernen Kinder, sich auszudr\u00fccken, zu kooperieren und Freundschaften zu schlie\u00dfen.<\/p>\n","protected":false},"author":2,"featured_media":0,"parent":0,"menu_order":0,"comment_status":"closed","ping_status":"closed","template":"","meta":{"_kadence_starter_templates_imported_post":false,"_kad_post_transparent":"","_kad_post_title":"","_kad_post_layout":"","_kad_post_sidebar_id":"","_kad_post_content_style":"","_kad_post_vertical_padding":"","_kad_post_feature":"","_kad_post_feature_position":"","_kad_post_header":false,"_kad_post_footer":false,"_kad_post_classname":"","_mc_calendar":[],"footnotes":""},"class_list":["post-651","page","type-page","status-publish","hentry"],"_links":{"self":[{"href":"https:\/\/gustav-werner-schulkindergarten.de\/index.php\/wp-json\/wp\/v2\/pages\/651","targetHints":{"allow":["GET"]}}],"collection":[{"href":"https:\/\/gustav-werner-schulkindergarten.de\/index.php\/wp-json\/wp\/v2\/pages"}],"about":[{"href":"https:\/\/gustav-werner-schulkindergarten.de\/index.php\/wp-json\/wp\/v2\/types\/page"}],"author":[{"embeddable":true,"href":"https:\/\/gustav-werner-schulkindergarten.de\/index.php\/wp-json\/wp\/v2\/users\/2"}],"replies":[{"embeddable":true,"href":"https:\/\/gustav-werner-schulkindergarten.de\/index.php\/wp-json\/wp\/v2\/comments?post=651"}],"version-history":[{"count":3,"href":"https:\/\/gustav-werner-schulkindergarten.de\/index.php\/wp-json\/wp\/v2\/pages\/651\/revisions"}],"predecessor-version":[{"id":990,"href":"https:\/\/gustav-werner-schulkindergarten.de\/index.php\/wp-json\/wp\/v2\/pages\/651\/revisions\/990"}],"wp:attachment":[{"href":"https:\/\/gustav-werner-schulkindergarten.de\/index.php\/wp-json\/wp\/v2\/media?parent=651"}],"curies":[{"name":"wp","href":"https:\/\/api.w.org\/{rel}","templated":true}]}}