{"id":741,"date":"2025-05-15T04:50:17","date_gmt":"2025-05-15T04:50:17","guid":{"rendered":"https:\/\/test.wp10.ulm.schule\/?page_id=741"},"modified":"2025-06-04T09:50:45","modified_gmt":"2025-06-04T09:50:45","slug":"ablauf-anmeldung","status":"publish","type":"page","link":"https:\/\/gustav-werner-schulkindergarten.de\/index.php\/ablauf-anmeldung\/","title":{"rendered":"Ablauf Anmeldung"},"content":{"rendered":"\n<h2 class=\"wp-block-heading\">Ablauf Anmeldung<\/h2>\n\n\n\n<hr class=\"wp-block-separator has-text-color has-theme-palette-9-color has-alpha-channel-opacity has-theme-palette-9-background-color has-background is-style-wide\"\/>\n\n\n\n<p class=\"has-theme-palette-9-color has-text-color has-link-color wp-elements-50aa6ea06e0bfb9584b33bc9dd7ba70c\"><\/p>\n\n\n\n<div class=\"wp-block-columns alignwide is-layout-flex wp-container-core-columns-is-layout-829b1d53 wp-block-columns-is-layout-flex\" style=\"margin-bottom:0\">\n<div class=\"wp-block-column has-text-color has-background has-link-color wp-elements-a547af929c802ee62532b0425d2498ab is-layout-flow wp-block-column-is-layout-flow\" style=\"color:#000000;background-color:#d1aedc;padding-top:2em;padding-right:2em;padding-bottom:2em;padding-left:2em\">\n<p><strong>Ablauf Anmeldung:<\/strong><\/p>\n\n\n\n<p>Die Eltern nehmen Kontakt mit der Leitung des Schulkindergarten auf.<\/p>\n\n\n\n<p>Bei einem gemeinsamen Termin im Schulkindergarten haben Sie die M\u00f6glichkeit, die Einrichtung kennen zu lernen.<\/p>\n\n\n\n<p>In einem gemeinsamen Gespr\u00e4ch, wird der F\u00f6rderbedarf Ihres Kindes er\u00f6rtert. Bitte bringen Sie hierzu Arzt-, Therapie- und Entwicklungsberichte mit.<\/p>\n\n\n\n<p>Zwischen dem 01.09. und 31.12. k\u00f6nnen Sie f\u00fcr das darauffolgende Schuljahr, einen Antrag zur Aufnahme in den Schulkindergarten, an das Staatliche Schulamt Biberach stellen.<\/p>\n\n\n\n<p>Auf Grundlage eines Sonderp\u00e4dagogischen Berichts und der vorhandenen Ressourcen, entscheidet ausschlie\u00dflich das Staatliche Schulamt \u00fcber die Aufnahme.<\/p>\n<\/div>\n<\/div>\n","protected":false},"excerpt":{"rendered":"<p>Ablauf Anmeldung Ablauf Anmeldung: Die Eltern nehmen Kontakt mit der Leitung des Schulkindergarten auf. Bei einem gemeinsamen Termin im Schulkindergarten haben Sie die M\u00f6glichkeit, die Einrichtung kennen zu lernen. In einem gemeinsamen Gespr\u00e4ch, wird der F\u00f6rderbedarf Ihres Kindes er\u00f6rtert. Bitte bringen Sie hierzu Arzt-, Therapie- und Entwicklungsberichte mit. Zwischen dem 01.09. und 31.12. k\u00f6nnen Sie&#8230;<\/p>\n","protected":false},"author":2,"featured_media":0,"parent":0,"menu_order":0,"comment_status":"closed","ping_status":"closed","template":"","meta":{"_kadence_starter_templates_imported_post":false,"_kad_post_transparent":"","_kad_post_title":"","_kad_post_layout":"","_kad_post_sidebar_id":"","_kad_post_content_style":"","_kad_post_vertical_padding":"","_kad_post_feature":"","_kad_post_feature_position":"","_kad_post_header":false,"_kad_post_footer":false,"_kad_post_classname":"","_mc_calendar":[],"footnotes":""},"class_list":["post-741","page","type-page","status-publish","hentry"],"_links":{"self":[{"href":"https:\/\/gustav-werner-schulkindergarten.de\/index.php\/wp-json\/wp\/v2\/pages\/741","targetHints":{"allow":["GET"]}}],"collection":[{"href":"https:\/\/gustav-werner-schulkindergarten.de\/index.php\/wp-json\/wp\/v2\/pages"}],"about":[{"href":"https:\/\/gustav-werner-schulkindergarten.de\/index.php\/wp-json\/wp\/v2\/types\/page"}],"author":[{"embeddable":true,"href":"https:\/\/gustav-werner-schulkindergarten.de\/index.php\/wp-json\/wp\/v2\/users\/2"}],"replies":[{"embeddable":true,"href":"https:\/\/gustav-werner-schulkindergarten.de\/index.php\/wp-json\/wp\/v2\/comments?post=741"}],"version-history":[{"count":5,"href":"https:\/\/gustav-werner-schulkindergarten.de\/index.php\/wp-json\/wp\/v2\/pages\/741\/revisions"}],"predecessor-version":[{"id":1089,"href":"https:\/\/gustav-werner-schulkindergarten.de\/index.php\/wp-json\/wp\/v2\/pages\/741\/revisions\/1089"}],"wp:attachment":[{"href":"https:\/\/gustav-werner-schulkindergarten.de\/index.php\/wp-json\/wp\/v2\/media?parent=741"}],"curies":[{"name":"wp","href":"https:\/\/api.w.org\/{rel}","templated":true}]}}